{"id":57,"date":"2012-12-01T20:44:46","date_gmt":"2012-12-01T20:44:46","guid":{"rendered":"http:\/\/ortkraus.eu\/?page_id=57"},"modified":"2022-12-03T10:34:52","modified_gmt":"2022-12-03T10:34:52","slug":"priprava-k-operaci-beroun","status":"publish","type":"page","link":"https:\/\/www.ortkraus.eu\/?page_id=57","title":{"rendered":"p\u0159\u00edprava p\u0159ed operac\u00ed"},"content":{"rendered":"<h2><\/h2>\n<h3><span style=\"color: #ff9900;\"><strong>Informace pro pacienty p\u0159ed operac\u00ed TEP &#8211; v odkazu n\u00ed\u017ee lze st\u00e1hnout p\u0159edoper. po\u017eadavky<\/strong><\/span><\/h3>\n<h5>prob\u00edh\u00e1 \u00faprava<\/h5>\n<h3><span style=\"color: #ff9900;\"><strong>zde st\u00e1hnout p\u0159edopera\u010dn\u00ed po\u017eadavky p\u0159ed mal\u00fdm v\u00fdkonem &#8211; ASK<\/strong><\/span><\/h3>\n<h5>prob\u00edh\u00e1 \u00faprava<\/h5>\n<h2><span style=\"color: #ff0000;\">d\u00e9lka hospitalizace u jednotliv\u00fdch v\u00fdkon\u016f<\/span><\/h2>\n<p>Artroskopie kolene a ramene <strong> <span style=\"color: #ff9900;\">0-2 dny<\/span> <\/strong><\/p>\n<p>Plastika vazu v koleni <strong> <span style=\"color: #ff9900;\">2-3 dny<\/span> <\/strong><\/p>\n<p>Endoprot\u00e9za <strong> <span style=\"color: #ff9900;\">t\u00fdden<\/span> <\/strong> hospitalizace, pak p\u0159eklad na rehabilitaci<\/p>\n<h2><span style=\"color: #ff0000;\">re\u017eim a informace pro pacienty<\/span><\/h2>\n<p>up\u0159esn\u011bte si mo\u017enost j\u00eddla<br \/>\na pit\u00ed l\u00e9ka\u0159em<\/p>\n<p>p\u0159ed operac\u00ed prove\u010f celkovou koupel<\/p>\n<p>cennosti nechat doma<\/p>\n<p><span style=\"font-size: revert; color: initial;\">dostavte se v p\u0159edem sd\u011blen\u00e9m \u010dase na p\u0159\u00edjem ortopedie<\/span><\/p>\n<p><strong>V den operace <\/strong>po\u00a0propu\u0161t\u011bn\u00ed z nemocnice z\u00e1kaz \u0159\u00edzen\u00ed automobilu,\u00a0 nepodepisovat z\u00e1va\u017en\u00e1 rozhodnut\u00ed.<\/p>\n<h3><\/h3>\n<h3><span style=\"color: #ff9900;\"><strong>Informace pro pacienty p\u0159ed operac\u00ed na Klinice Dr.P\u00edrka Mlad\u00e1 Boleslav<\/strong><\/span><\/h3>\n<p><strong>Na Celn\u011b 885, Mlad\u00e1 Boleslav III<\/strong><\/p>\n<p>Platba u TEP 1300,-K\u010d za ka\u017edou str\u00e1venou noc, d\u00e9lka hospitalizace u TEP 5 -7 dn\u00ed. Vlastn\u00ed odvoz na RHB v\u00fdhodou, sanita mo\u017en\u00e1( \u010d\u00e1ste\u010dn\u00e1 \u00fahrada cesty)<\/p>\n<p>\u00faprava chron. medikace a vysazen\u00ed ur\u010dit\u00fdch l\u00e9k\u016f: antikoagulancia a antiagregancia, NOAC, PAD\u00a0 &#8211; viz p\u0159\u00edlohu<\/p>\n<p>S\u00a0sebou OP, pr\u016fkaz zdravotn\u00edho poji\u0161t\u011bn\u00ed, py\u017eamo, \u017eupan, pevn\u011bj\u0161\u00ed obuv na p\u0159ezut\u00ed, pravideln\u011b u\u017e\u00edvan\u00e9 l\u00e9ky, francouzsk\u00e9 hole \u2013 pokud m\u00e1te. N\u00e1sleduje hospitalizace na l\u016f\u017ekov\u00e9 rehabilitaci(VR\u00da)<\/p>\n<p>D\u00edky MUDr.Petr Kraus<\/p>\n","protected":false},"excerpt":{"rendered":"<p>Informace pro pacienty p\u0159ed operac\u00ed TEP &#8211; v odkazu n\u00ed\u017ee lze st\u00e1hnout p\u0159edoper. po\u017eadavky prob\u00edh\u00e1 \u00faprava zde st\u00e1hnout p\u0159edopera\u010dn\u00ed po\u017eadavky p\u0159ed mal\u00fdm v\u00fdkonem &#8211; ASK prob\u00edh\u00e1 \u00faprava d\u00e9lka hospitalizace u jednotliv\u00fdch v\u00fdkon\u016f Artroskopie kolene a ramene 0-2 dny Plastika vazu v koleni 2-3 dny Endoprot\u00e9za t\u00fdden hospitalizace, pak p\u0159eklad na rehabilitaci re\u017eim a informace pro [&hellip;]<\/p>\n","protected":false},"author":1,"featured_media":0,"parent":0,"menu_order":0,"comment_status":"closed","ping_status":"open","template":"","meta":{"footnotes":""},"class_list":["post-57","page","type-page","status-publish","hentry"],"_links":{"self":[{"href":"https:\/\/www.ortkraus.eu\/index.php?rest_route=\/wp\/v2\/pages\/57","targetHints":{"allow":["GET"]}}],"collection":[{"href":"https:\/\/www.ortkraus.eu\/index.php?rest_route=\/wp\/v2\/pages"}],"about":[{"href":"https:\/\/www.ortkraus.eu\/index.php?rest_route=\/wp\/v2\/types\/page"}],"author":[{"embeddable":true,"href":"https:\/\/www.ortkraus.eu\/index.php?rest_route=\/wp\/v2\/users\/1"}],"replies":[{"embeddable":true,"href":"https:\/\/www.ortkraus.eu\/index.php?rest_route=%2Fwp%2Fv2%2Fcomments&post=57"}],"version-history":[{"count":49,"href":"https:\/\/www.ortkraus.eu\/index.php?rest_route=\/wp\/v2\/pages\/57\/revisions"}],"predecessor-version":[{"id":700,"href":"https:\/\/www.ortkraus.eu\/index.php?rest_route=\/wp\/v2\/pages\/57\/revisions\/700"}],"wp:attachment":[{"href":"https:\/\/www.ortkraus.eu\/index.php?rest_route=%2Fwp%2Fv2%2Fmedia&parent=57"}],"curies":[{"name":"wp","href":"https:\/\/api.w.org\/{rel}","templated":true}]}}