{"id":63,"date":"2012-12-01T20:53:21","date_gmt":"2012-12-01T20:53:21","guid":{"rendered":"http:\/\/ortkraus.eu\/?page_id=63"},"modified":"2022-09-22T19:33:07","modified_gmt":"2022-09-22T19:33:07","slug":"vzdelani-a-kurzy","status":"publish","type":"page","link":"https:\/\/www.ortkraus.eu\/?page_id=63","title":{"rendered":"vzd\u011bl\u00e1n\u00ed a kurzy"},"content":{"rendered":"<table border=\"0\" width=\"672\" cellspacing=\"0\" cellpadding=\"0\">\n<tbody>\n<tr>\n<td colspan=\"2\" valign=\"bottom\" width=\"665\"><em><strong>Professional Education:<\/strong><\/em><\/td>\n<\/tr>\n<tr>\n<td valign=\"top\" width=\"663\"><strong>From \u2013 to\u00a0 10\/1996 \u2013 06\/2002<\/strong><strong>\u00a0<\/strong><strong>Type of Education\u00a0 Charles University, Medicine faculty, Prague, Czech Republic<\/strong><\/p>\n<p align=\"center\"><strong>\u00a0<\/strong><\/p>\n<\/td>\n<\/tr>\n<tr>\n<td valign=\"top\" width=\"663\"><strong>From \u2013 to 09\/1992 \u2013 06\/1996\u00a0<\/strong><strong>Type of Education\u00a0 High school Vysocany, Prague, Czech Republic<\/strong><\/p>\n<p align=\"center\"><strong>\u00a0<\/strong><\/p>\n<p><strong>In 2005<\/strong><strong>\u00a0<\/strong><\/p>\n<p><strong>Type of Education:\u00a0<\/strong>Postgraduate study<strong>:\u00a0<\/strong>The first (national) certification &#8211; specialization: Orthopaedic \u2013 Traumatology, Czech rep.<strong>\u00a0<\/strong><\/p>\n<p align=\"center\"><strong>\u00a0<\/strong><\/p>\n<p><strong>In 2008<\/strong><strong>\u00a0<\/strong><\/p>\n<p><strong>Type of Education:\u00a0<\/strong>Postgraduate study: European medical orthopeadic certification, Prague, Czech Republic<\/p>\n<table border=\"0\" width=\"672\" cellspacing=\"0\" cellpadding=\"0\">\n<tbody>\n<tr>\n<td valign=\"bottom\" width=\"665\"><strong>Professional courses, Professional interests, Other<\/strong><\/td>\n<\/tr>\n<tr>\n<td valign=\"bottom\" width=\"665\">\n<p><strong>8\/2020, Bern, Switzerland, Shoulder anatomic and reverse arthroplasty<\/strong><\/p>\n<p><strong>June 27-28,2019 Vienna, Austria, AOTrauma Europe Masters Course &#8220;Malunion and Nonunion&#8221;<\/strong><\/p>\n<p><strong>April 7-8.4. 2017\u00a0Osteotomies in Posttraumatic Deformity \u2013 Lower Extremity<\/strong><br \/>\n<strong><a href=\"https:\/\/cs.wikipedia.org\/wiki\/T%C3%BCbingen\">T\u00fcbingen<\/a>, Germany\u00a0<\/strong><\/p>\n<p><strong>12\/2014 &#8211;\u00a0Knee arthroplasty anatomy week Brussels, Belgium<\/strong><\/p>\n<p><strong style=\"line-height: 19px;\">23. \u2013 25. 05. 2012, Berlin, Germany<\/strong><span style=\"line-height: 19px;\">&#8211; The European Federation of National Associationsof Orthopaedics and Traumatology international congress \u2013 certificated of attendance<\/span><\/p>\n<p><strong>01.- 04. 06. 2011, Copenhagen, Denmark<\/strong>\u00a0&#8211; &#8211; The European Federation of National Associationsof Orthopaedics and Traumatology international congress \u2013 certificated of attendance<\/p>\n<p><strong>13. \u2013 14. 10.2010, Lyon, France<\/strong>&#8211;\u00a0 AO Trauma Masters seminar \u2013 certificated in Osteotomies around the knee<\/p>\n<p><strong>14. \u2013 15. 10. 2004, Czech Republic<\/strong>\u00a0&#8211; Locking stable implants use in traumatology<\/p>\n<p><strong>02. \u2013 03. 02. 2012, Czech Republic<\/strong>\u00a0\u00a0&#8211; treatment of medial knee compartment &#8211; using in present<\/p>\n<p><strong>2006, Czech Republic<\/strong>\u00a0\u00a02nd International Orthopeadics congress, certificated of attendance<\/p>\n<p><strong>25. \u2013 27. 04. 2007, Brno, Czech Republic<\/strong>\u00a0\u2013 XI. National congress &#8211; \u00a0Czech Society for Orthopaedics and Traumatology\u00a0 &#8211; CSOT<\/p>\n<p><strong>18. \u2013 20. 03. 2004, Czech Republic<\/strong>\u00a0\u2013 XIII. International Orthopedics symphosy, certificated of attendance<\/p>\n<p><strong>22. \u2013 23. 04. 2004, Czech Republic<\/strong>\u00a0 &#8211; Upper limb traumatology<\/p>\n<p><strong>16. \u2013 17. 09. 2004, Czech Republic<\/strong>\u00a0\u2013 International arthroscopic days<\/p>\n<p><strong>11. \u2013 12. 09. 2008, Czech Republic<\/strong>\u00a0\u2013 VI. National congress of Czech Society for Orthopaedics and Traumatology\u00a0 &#8211; CSOT<\/p>\n<p><strong>18. 05. 2011, Czech Republic<\/strong>\u00a0\u2013 Treatment of infected implants<\/p>\n<p><strong>\u00a0<\/strong><strong>19. \u2013 21. 05. 2010, Czech Republic<\/strong>\u00a0\u2013 XIV National congress of Czech Society for Orthopaedics and Traumatology\u00a0 &#8211; CSOT<\/p>\n<p><strong>26. \u2013 27. 11. 2010, Czech Republic<\/strong>\u00a0\u2013 32nd Orthopeadics Symphosy of IPVZ clinic, Prague<\/p>\n<p><strong>10. 12. 2010, Czech Republic, Slapy<\/strong>\u00a0\u2013 25th Phyziatric days<\/p>\n<p><strong>01.06. 2012, Czech Republic, Slapy<\/strong>\u00a0&#8211; 26th Phyziatric days<\/p>\n<p><strong>2013 &#8211;\u00a0<\/strong>Foot surgery symphosy Zurich<\/p>\n<p><strong>2019<\/strong> &#8211; XIII. slapsk\u00e9 symposium<\/p>\n<p><strong>2022<\/strong> EFORT Congress Lisbon, Portugal<\/td>\n<\/tr>\n<\/tbody>\n<\/table>\n<\/td>\n<\/tr>\n<\/tbody>\n<\/table>\n","protected":false},"excerpt":{"rendered":"<p>Professional Education: From \u2013 to\u00a0 10\/1996 \u2013 06\/2002\u00a0Type of Education\u00a0 Charles University, Medicine faculty, Prague, Czech Republic \u00a0 From \u2013 to 09\/1992 \u2013 06\/1996\u00a0Type of Education\u00a0 High school Vysocany, Prague, Czech Republic \u00a0 In 2005\u00a0 Type of Education:\u00a0Postgraduate study:\u00a0The first (national) certification &#8211; specialization: Orthopaedic \u2013 Traumatology, Czech rep.\u00a0 \u00a0 In 2008\u00a0 Type of Education:\u00a0Postgraduate [&hellip;]<\/p>\n","protected":false},"author":1,"featured_media":0,"parent":0,"menu_order":0,"comment_status":"closed","ping_status":"open","template":"","meta":{"footnotes":""},"class_list":["post-63","page","type-page","status-publish","hentry"],"_links":{"self":[{"href":"https:\/\/www.ortkraus.eu\/index.php?rest_route=\/wp\/v2\/pages\/63","targetHints":{"allow":["GET"]}}],"collection":[{"href":"https:\/\/www.ortkraus.eu\/index.php?rest_route=\/wp\/v2\/pages"}],"about":[{"href":"https:\/\/www.ortkraus.eu\/index.php?rest_route=\/wp\/v2\/types\/page"}],"author":[{"embeddable":true,"href":"https:\/\/www.ortkraus.eu\/index.php?rest_route=\/wp\/v2\/users\/1"}],"replies":[{"embeddable":true,"href":"https:\/\/www.ortkraus.eu\/index.php?rest_route=%2Fwp%2Fv2%2Fcomments&post=63"}],"version-history":[{"count":20,"href":"https:\/\/www.ortkraus.eu\/index.php?rest_route=\/wp\/v2\/pages\/63\/revisions"}],"predecessor-version":[{"id":685,"href":"https:\/\/www.ortkraus.eu\/index.php?rest_route=\/wp\/v2\/pages\/63\/revisions\/685"}],"wp:attachment":[{"href":"https:\/\/www.ortkraus.eu\/index.php?rest_route=%2Fwp%2Fv2%2Fmedia&parent=63"}],"curies":[{"name":"wp","href":"https:\/\/api.w.org\/{rel}","templated":true}]}}